{"id":2487,"date":"2023-11-08T20:22:49","date_gmt":"2023-11-08T18:22:49","guid":{"rendered":"https:\/\/catering.vitallius.md\/?post_type=product&#038;p=2487"},"modified":"2023-11-10T15:09:48","modified_gmt":"2023-11-10T13:09:48","slug":"cheese-cake-clasic","status":"publish","type":"product","link":"https:\/\/catering.vitallius.md\/ru\/product\/cheese-cake-clasic\/","title":{"rendered":"Cheese cake clasic"},"content":{"rendered":"<p>Baza cheesecake-ului clasici este crocant\u0103 \u0219i consist\u0103 \u00eentr-un strat de biscui\u021bi fin m\u0103run\u021bi\u021bi \u0219i amesteca\u021bi cu unt topit. Aceast\u0103 crust\u0103 fraged\u0103 ofer\u0103 un contrast perfect cu umplutura de br\u00e2nz\u0103 de vaci, care este preparat\u0103 din ingrediente de cea mai bun\u0103 calitate, precum br\u00e2nza cream, zah\u0103r, ou\u0103 \u0219i vanilie. Aluatul este copt p\u00e2n\u0103 devine ferm \u0219i apoi r\u0103cit, ceea ce confer\u0103 pr\u0103jiturii textura sa cremoas\u0103 \u0219i fin\u0103.<\/p>\n","protected":false},"excerpt":{"rendered":"<h4>Cheesecake-ul clasic este un desert emblematic, apreciat \u00een \u00eentreaga lume pentru aroma sa incomparabil\u0103 \u0219i textura sa cremoas\u0103. Aceast\u0103 pr\u0103jitur\u0103 cu br\u00e2nz\u0103 ofer\u0103 o experien\u021b\u0103 gustativ\u0103 rafinat\u0103 \u0219i satisf\u0103c\u0103toare, fiind o alegere perfect\u0103 pentru a te r\u0103sf\u0103\u021ba.<\/h4>\n[fusion_builder_container hundred_percent=\"no\" hundred_percent_height=\"no\" hundred_percent_height_scroll=\"no\" hundred_percent_height_center_content=\"yes\" equal_height_columns=\"no\" menu_anchor=\"\" hide_on_mobile=\"small-visibility,medium-visibility,large-visibility\" status=\"published\" publish_date=\"\" class=\"\" id=\"\" link_color=\"\" link_hover_color=\"\" border_size=\"\" border_color=\"\" border_style=\"solid\" margin_top=\"\" margin_bottom=\"\" padding_top=\"\" padding_right=\"\" padding_bottom=\"\" padding_left=\"\" gradient_start_color=\"\" gradient_end_color=\"\" gradient_start_position=\"0\" gradient_end_position=\"100\" gradient_type=\"linear\" radial_direction=\"center center\" linear_angle=\"180\" background_color=\"\" background_image=\"\" background_position=\"center center\" background_repeat=\"no-repeat\" fade=\"no\" background_parallax=\"none\" enable_mobile=\"no\" parallax_speed=\"0.3\" background_blend_mode=\"none\" video_mp4=\"\" video_webm=\"\" video_ogv=\"\" video_url=\"\" video_aspect_ratio=\"16:9\" video_loop=\"yes\" video_mute=\"yes\" video_preview_image=\"\" filter_hue=\"0\" filter_saturation=\"100\" filter_brightness=\"100\" filter_contrast=\"100\" filter_invert=\"0\" filter_sepia=\"0\" filter_opacity=\"100\" filter_blur=\"0\" filter_hue_hover=\"0\" filter_saturation_hover=\"100\" filter_brightness_hover=\"100\" filter_contrast_hover=\"100\" filter_invert_hover=\"0\" filter_sepia_hover=\"0\" filter_opacity_hover=\"100\" filter_blur_hover=\"0\"][fusion_builder_row][fusion_builder_column type=\"1_1\" spacing=\"\" center_content=\"no\" link=\"\" target=\"_self\" min_height=\"\" hide_on_mobile=\"small-visibility,medium-visibility,large-visibility\" class=\"\" id=\"\" hover_type=\"none\" border_size=\"0\" border_color=\"\" border_style=\"solid\" border_position=\"all\" border_radius=\"\" box_shadow=\"no\" dimension_box_shadow=\"\" box_shadow_blur=\"0\" box_shadow_spread=\"0\" box_shadow_color=\"\" box_shadow_style=\"\" padding_top=\"\" padding_right=\"\" padding_bottom=\"\" padding_left=\"\" margin_top=\"\" margin_bottom=\"\" background_type=\"single\" gradient_start_color=\"\" gradient_end_color=\"\" gradient_start_position=\"0\" gradient_end_position=\"100\" gradient_type=\"linear\" radial_direction=\"center center\" linear_angle=\"180\" background_color=\"\" background_image=\"\" background_image_id=\"\" background_position=\"left top\" background_repeat=\"no-repeat\" background_blend_mode=\"none\" animation_type=\"\" animation_direction=\"left\" animation_speed=\"0.3\" animation_offset=\"\" filter_type=\"regular\" filter_hue=\"0\" filter_saturation=\"100\" filter_brightness=\"100\" filter_contrast=\"100\" filter_invert=\"0\" filter_sepia=\"0\" filter_opacity=\"100\" filter_blur=\"0\" filter_hue_hover=\"0\" filter_saturation_hover=\"100\" filter_brightness_hover=\"100\" filter_contrast_hover=\"100\" filter_invert_hover=\"0\" filter_sepia_hover=\"0\" filter_opacity_hover=\"100\" filter_blur_hover=\"0\" last=\"no\"][fusion_checklist icon=\"\" iconcolor=\"#ff0000\" circle=\"no\" circlecolor=\"\" size=\"\" divider=\"\" divider_color=\"\" hide_on_mobile=\"small-visibility,medium-visibility,large-visibility\" class=\"\" id=\"\"][fusion_li_item icon=\"fa-weight-hanging fas\"]<\/p>\n<p>Greutate: 1 kg<\/p>\n<p>[\/fusion_li_item][fusion_li_item icon=\"fa-mortar-pestle fas\"]<\/p>\n<p>Por\u021bie: 6-8 persoane<\/p>\n<p>[\/fusion_li_item][\/fusion_checklist][\/fusion_builder_column][\/fusion_builder_row][\/fusion_builder_container]\n","protected":false},"featured_media":2491,"template":"","meta":[],"product_cat":[44],"product_tag":[43],"_links":{"self":[{"href":"https:\/\/catering.vitallius.md\/ru\/wp-json\/wp\/v2\/product\/2487"}],"collection":[{"href":"https:\/\/catering.vitallius.md\/ru\/wp-json\/wp\/v2\/product"}],"about":[{"href":"https:\/\/catering.vitallius.md\/ru\/wp-json\/wp\/v2\/types\/product"}],"wp:featuredmedia":[{"embeddable":true,"href":"https:\/\/catering.vitallius.md\/ru\/wp-json\/wp\/v2\/media\/2491"}],"wp:attachment":[{"href":"https:\/\/catering.vitallius.md\/ru\/wp-json\/wp\/v2\/media?parent=2487"}],"wp:term":[{"taxonomy":"product_cat","embeddable":true,"href":"https:\/\/catering.vitallius.md\/ru\/wp-json\/wp\/v2\/product_cat?post=2487"},{"taxonomy":"product_tag","embeddable":true,"href":"https:\/\/catering.vitallius.md\/ru\/wp-json\/wp\/v2\/product_tag?post=2487"}],"curies":[{"name":"wp","href":"https:\/\/api.w.org\/{rel}","templated":true}]}}