{"id":2494,"date":"2023-11-08T20:29:40","date_gmt":"2023-11-08T18:29:40","guid":{"rendered":"https:\/\/catering.vitallius.md\/?post_type=product&#038;p=2494"},"modified":"2023-11-10T15:09:17","modified_gmt":"2023-11-10T13:09:17","slug":"chec-cu-mac-si-visina","status":"publish","type":"product","link":"https:\/\/catering.vitallius.md\/en\/product\/chec-cu-mac-si-visina\/","title":{"rendered":"Chec cu mac \u0219i vi\u0219in\u0103"},"content":{"rendered":"<p>Aluatul checului este preparat cu ingrediente premium, cum ar fi f\u0103ina fin\u0103, untul proasp\u0103t \u0219i ou\u0103le. \u00cen acesta, se adaug\u0103 macul m\u0103cinat fin, care ofer\u0103 o not\u0103 distinct\u0103 de nuc\u0103 \u0219i un oarecare crocant la fiecare \u00eenghi\u021bitur\u0103. Deasupra checului sunt a\u0219ezate generoasele buchete de vi\u0219ine coapte, care adaug\u0103 prospime \u0219i o explozie de fructuozitate \u00een timpul degust\u0103rii.<\/p>\n","protected":false},"excerpt":{"rendered":"<h4>Checul cu mac \u0219i cu vi\u0219in\u0103 este o delicioas\u0103 combina\u021bie \u00eentre gustul aromat al macului \u0219i dulcea\u021ba suculent\u0103 a vi\u0219inelor. Acest desert clasic, reinterpretat cu ingrediente deosebite, este un deliciu care \u00ee\u021bi va \u00eenc\u00e2nta sim\u021burile.<\/h4>\n[fusion_builder_container hundred_percent=\"no\" hundred_percent_height=\"no\" hundred_percent_height_scroll=\"no\" hundred_percent_height_center_content=\"yes\" equal_height_columns=\"no\" menu_anchor=\"\" hide_on_mobile=\"small-visibility,medium-visibility,large-visibility\" status=\"published\" publish_date=\"\" class=\"\" id=\"\" link_color=\"\" link_hover_color=\"\" border_size=\"\" border_color=\"\" border_style=\"solid\" margin_top=\"\" margin_bottom=\"\" padding_top=\"\" padding_right=\"\" padding_bottom=\"\" padding_left=\"\" gradient_start_color=\"\" gradient_end_color=\"\" gradient_start_position=\"0\" gradient_end_position=\"100\" gradient_type=\"linear\" radial_direction=\"center center\" linear_angle=\"180\" background_color=\"\" background_image=\"\" background_position=\"center center\" background_repeat=\"no-repeat\" fade=\"no\" background_parallax=\"none\" enable_mobile=\"no\" parallax_speed=\"0.3\" background_blend_mode=\"none\" video_mp4=\"\" video_webm=\"\" video_ogv=\"\" video_url=\"\" video_aspect_ratio=\"16:9\" video_loop=\"yes\" video_mute=\"yes\" video_preview_image=\"\" filter_hue=\"0\" filter_saturation=\"100\" filter_brightness=\"100\" filter_contrast=\"100\" filter_invert=\"0\" filter_sepia=\"0\" filter_opacity=\"100\" filter_blur=\"0\" filter_hue_hover=\"0\" filter_saturation_hover=\"100\" filter_brightness_hover=\"100\" filter_contrast_hover=\"100\" filter_invert_hover=\"0\" filter_sepia_hover=\"0\" filter_opacity_hover=\"100\" filter_blur_hover=\"0\"][fusion_builder_row][fusion_builder_column type=\"1_1\" spacing=\"\" center_content=\"no\" link=\"\" target=\"_self\" min_height=\"\" hide_on_mobile=\"small-visibility,medium-visibility,large-visibility\" class=\"\" id=\"\" hover_type=\"none\" border_size=\"0\" border_color=\"\" border_style=\"solid\" border_position=\"all\" border_radius=\"\" box_shadow=\"no\" dimension_box_shadow=\"\" box_shadow_blur=\"0\" box_shadow_spread=\"0\" box_shadow_color=\"\" box_shadow_style=\"\" padding_top=\"\" padding_right=\"\" padding_bottom=\"\" padding_left=\"\" margin_top=\"\" margin_bottom=\"\" background_type=\"single\" gradient_start_color=\"\" gradient_end_color=\"\" gradient_start_position=\"0\" gradient_end_position=\"100\" gradient_type=\"linear\" radial_direction=\"center center\" linear_angle=\"180\" background_color=\"\" background_image=\"\" background_image_id=\"\" background_position=\"left top\" background_repeat=\"no-repeat\" background_blend_mode=\"none\" animation_type=\"\" animation_direction=\"left\" animation_speed=\"0.3\" animation_offset=\"\" filter_type=\"regular\" filter_hue=\"0\" filter_saturation=\"100\" filter_brightness=\"100\" filter_contrast=\"100\" filter_invert=\"0\" filter_sepia=\"0\" filter_opacity=\"100\" filter_blur=\"0\" filter_hue_hover=\"0\" filter_saturation_hover=\"100\" filter_brightness_hover=\"100\" filter_contrast_hover=\"100\" filter_invert_hover=\"0\" filter_sepia_hover=\"0\" filter_opacity_hover=\"100\" filter_blur_hover=\"0\" last=\"no\"][fusion_checklist icon=\"\" iconcolor=\"#ff0000\" circle=\"no\" circlecolor=\"\" size=\"\" divider=\"\" divider_color=\"\" hide_on_mobile=\"small-visibility,medium-visibility,large-visibility\" class=\"\" id=\"\"][fusion_li_item icon=\"fa-weight-hanging fas\"]<\/p>\n<p>Greutate: 1 kg<\/p>\n<p>[\/fusion_li_item][fusion_li_item icon=\"fa-mortar-pestle fas\"]<\/p>\n<p>Por\u021bie: 6-8 persoane<\/p>\n<p>[\/fusion_li_item][\/fusion_checklist][\/fusion_builder_column][\/fusion_builder_row][\/fusion_builder_container]\n","protected":false},"featured_media":2498,"template":"","meta":[],"product_cat":[44],"product_tag":[43],"_links":{"self":[{"href":"https:\/\/catering.vitallius.md\/en\/wp-json\/wp\/v2\/product\/2494"}],"collection":[{"href":"https:\/\/catering.vitallius.md\/en\/wp-json\/wp\/v2\/product"}],"about":[{"href":"https:\/\/catering.vitallius.md\/en\/wp-json\/wp\/v2\/types\/product"}],"wp:featuredmedia":[{"embeddable":true,"href":"https:\/\/catering.vitallius.md\/en\/wp-json\/wp\/v2\/media\/2498"}],"wp:attachment":[{"href":"https:\/\/catering.vitallius.md\/en\/wp-json\/wp\/v2\/media?parent=2494"}],"wp:term":[{"taxonomy":"product_cat","embeddable":true,"href":"https:\/\/catering.vitallius.md\/en\/wp-json\/wp\/v2\/product_cat?post=2494"},{"taxonomy":"product_tag","embeddable":true,"href":"https:\/\/catering.vitallius.md\/en\/wp-json\/wp\/v2\/product_tag?post=2494"}],"curies":[{"name":"wp","href":"https:\/\/api.w.org\/{rel}","templated":true}]}}