{"id":2480,"date":"2023-11-08T20:16:47","date_gmt":"2023-11-08T18:16:47","guid":{"rendered":"https:\/\/catering.vitallius.md\/?post_type=product&#038;p=2480"},"modified":"2023-11-10T15:10:20","modified_gmt":"2023-11-10T13:10:20","slug":"cheese-cake-cu-arahide","status":"publish","type":"product","link":"https:\/\/catering.vitallius.md\/en\/product\/cheese-cake-cu-arahide\/","title":{"rendered":"Cheese cake cu arahide"},"content":{"rendered":"<p>Cheesecake-ul este preg\u0103tit pe o baz\u0103 de biscui\u021bi zdrobi\u021bi, amesteca\u021bi cu unt topit pentru a ob\u021bine o crust\u0103 crocant\u0103 care completeaz\u0103 perfect textura cremoas\u0103 a umpluturii. Umplutura de br\u00e2nz\u0103 de vaci, zah\u0103r \u0219i vanilie este \u00eembun\u0103t\u0103\u021bit\u0103 cu ad\u0103ugarea de arahide pr\u0103jite \u0219i m\u0103run\u021bite, care adaug\u0103 un gust bogat \u0219i o textur\u0103 crocant\u0103 \u00een fiecare mu\u0219c\u0103tur\u0103.<\/p>\n","protected":false},"excerpt":{"rendered":"<h4>Cheesecake-ul cu arahide este o alegere perfect\u0103 pentru iubitorii de deserturi cu o not\u0103 de savoare s\u0103rat\u0103 \u0219i textur\u0103 crocant\u0103. Acest deliciu rafinat combin\u0103 aroma dulce \u0219i cremoas\u0103 a br\u00e2nzei cu gustul intens al arahidelor pr\u0103jite, oferind o experien\u021b\u0103 gustativ\u0103 senza\u021bional\u0103.<\/h4>\n[fusion_builder_container hundred_percent=\"no\" hundred_percent_height=\"no\" hundred_percent_height_scroll=\"no\" hundred_percent_height_center_content=\"yes\" equal_height_columns=\"no\" menu_anchor=\"\" hide_on_mobile=\"small-visibility,medium-visibility,large-visibility\" status=\"published\" publish_date=\"\" class=\"\" id=\"\" link_color=\"\" link_hover_color=\"\" border_size=\"\" border_color=\"\" border_style=\"solid\" margin_top=\"\" margin_bottom=\"\" padding_top=\"\" padding_right=\"\" padding_bottom=\"\" padding_left=\"\" gradient_start_color=\"\" gradient_end_color=\"\" gradient_start_position=\"0\" gradient_end_position=\"100\" gradient_type=\"linear\" radial_direction=\"center center\" linear_angle=\"180\" background_color=\"\" background_image=\"\" background_position=\"center center\" background_repeat=\"no-repeat\" fade=\"no\" background_parallax=\"none\" enable_mobile=\"no\" parallax_speed=\"0.3\" background_blend_mode=\"none\" video_mp4=\"\" video_webm=\"\" video_ogv=\"\" video_url=\"\" video_aspect_ratio=\"16:9\" video_loop=\"yes\" video_mute=\"yes\" video_preview_image=\"\" filter_hue=\"0\" filter_saturation=\"100\" filter_brightness=\"100\" filter_contrast=\"100\" filter_invert=\"0\" filter_sepia=\"0\" filter_opacity=\"100\" filter_blur=\"0\" filter_hue_hover=\"0\" filter_saturation_hover=\"100\" filter_brightness_hover=\"100\" filter_contrast_hover=\"100\" filter_invert_hover=\"0\" filter_sepia_hover=\"0\" filter_opacity_hover=\"100\" filter_blur_hover=\"0\"][fusion_builder_row][fusion_builder_column type=\"1_1\" spacing=\"\" center_content=\"no\" link=\"\" target=\"_self\" min_height=\"\" hide_on_mobile=\"small-visibility,medium-visibility,large-visibility\" class=\"\" id=\"\" hover_type=\"none\" border_size=\"0\" border_color=\"\" border_style=\"solid\" border_position=\"all\" border_radius=\"\" box_shadow=\"no\" dimension_box_shadow=\"\" box_shadow_blur=\"0\" box_shadow_spread=\"0\" box_shadow_color=\"\" box_shadow_style=\"\" padding_top=\"\" padding_right=\"\" padding_bottom=\"\" padding_left=\"\" margin_top=\"\" margin_bottom=\"\" background_type=\"single\" gradient_start_color=\"\" gradient_end_color=\"\" gradient_start_position=\"0\" gradient_end_position=\"100\" gradient_type=\"linear\" radial_direction=\"center center\" linear_angle=\"180\" background_color=\"\" background_image=\"\" background_image_id=\"\" background_position=\"left top\" background_repeat=\"no-repeat\" background_blend_mode=\"none\" animation_type=\"\" animation_direction=\"left\" animation_speed=\"0.3\" animation_offset=\"\" filter_type=\"regular\" filter_hue=\"0\" filter_saturation=\"100\" filter_brightness=\"100\" filter_contrast=\"100\" filter_invert=\"0\" filter_sepia=\"0\" filter_opacity=\"100\" filter_blur=\"0\" filter_hue_hover=\"0\" filter_saturation_hover=\"100\" filter_brightness_hover=\"100\" filter_contrast_hover=\"100\" filter_invert_hover=\"0\" filter_sepia_hover=\"0\" filter_opacity_hover=\"100\" filter_blur_hover=\"0\" last=\"no\"][fusion_checklist icon=\"\" iconcolor=\"#ff0000\" circle=\"no\" circlecolor=\"\" size=\"\" divider=\"\" divider_color=\"\" hide_on_mobile=\"small-visibility,medium-visibility,large-visibility\" class=\"\" id=\"\"][fusion_li_item icon=\"fa-weight-hanging fas\"]<\/p>\n<p>Greutate: 1 kg<\/p>\n<p>[\/fusion_li_item][fusion_li_item icon=\"fa-mortar-pestle fas\"]<\/p>\n<p>Por\u021bie: 6-8 persoane<\/p>\n<p>[\/fusion_li_item][\/fusion_checklist][\/fusion_builder_column][\/fusion_builder_row][\/fusion_builder_container]\n","protected":false},"featured_media":2484,"template":"","meta":[],"product_cat":[44],"product_tag":[43],"_links":{"self":[{"href":"https:\/\/catering.vitallius.md\/en\/wp-json\/wp\/v2\/product\/2480"}],"collection":[{"href":"https:\/\/catering.vitallius.md\/en\/wp-json\/wp\/v2\/product"}],"about":[{"href":"https:\/\/catering.vitallius.md\/en\/wp-json\/wp\/v2\/types\/product"}],"wp:featuredmedia":[{"embeddable":true,"href":"https:\/\/catering.vitallius.md\/en\/wp-json\/wp\/v2\/media\/2484"}],"wp:attachment":[{"href":"https:\/\/catering.vitallius.md\/en\/wp-json\/wp\/v2\/media?parent=2480"}],"wp:term":[{"taxonomy":"product_cat","embeddable":true,"href":"https:\/\/catering.vitallius.md\/en\/wp-json\/wp\/v2\/product_cat?post=2480"},{"taxonomy":"product_tag","embeddable":true,"href":"https:\/\/catering.vitallius.md\/en\/wp-json\/wp\/v2\/product_tag?post=2480"}],"curies":[{"name":"wp","href":"https:\/\/api.w.org\/{rel}","templated":true}]}}