{"id":2432,"date":"2023-11-08T12:28:55","date_gmt":"2023-11-08T10:28:55","guid":{"rendered":"https:\/\/catering.vitallius.md\/?post_type=product&#038;p=2432"},"modified":"2023-11-10T15:13:09","modified_gmt":"2023-11-10T13:13:09","slug":"salata-greceasca","status":"publish","type":"product","link":"https:\/\/catering.vitallius.md\/en\/product\/salata-greceasca\/","title":{"rendered":"Salat\u0103 Greceasc\u0103"},"content":{"rendered":"<p>Castrave\u021bii proaspe\u021bi, crocan\u021bi \u0219i hidratan\u021bi, \u00eencorpora\u021bi \u00eempreun\u0103 cu ro\u0219iile coapte \u0219i suculente, ofer\u0103 salatei o not\u0103 u\u0219oar\u0103 \u0219i r\u0103coritoare. Ardeii verzi pot fi folosi\u021bi pentru a ad\u0103uga un pic de crocant \u0219i dulcea\u021b\u0103, \u00een timp ce ceapa ro\u0219ie aduce o not\u0103 picant\u0103 delicat\u0103. M\u0103slinele negre adaug\u0103 un gust complet de m\u0103sline, completat de br\u00e2nza feta cremoas\u0103, cu savoarea sa s\u0103rat\u0103 \u0219i p\u0103trunz\u0103toare.<\/p>\n","protected":false},"excerpt":{"rendered":"<h4>Salata Greceasc\u0103 este un preparat proasp\u0103t, savuros \u0219i u\u0219or de preg\u0103tit. Aceast\u0103 re\u021bet\u0103 clasic\u0103 greceasc\u0103 este o combina\u021bie delicioas\u0103 de ingredientele mediteraneene care creeaz\u0103 o simfonie de gusturi \u0219i texturi. Salata poate fi servit\u0103 ca aperitiv, sau ca un fel principal s\u0103n\u0103tos, plin de vitamine \u0219i energie.<\/h4>\n[fusion_builder_container hundred_percent=\"no\" hundred_percent_height=\"no\" hundred_percent_height_scroll=\"no\" hundred_percent_height_center_content=\"yes\" equal_height_columns=\"no\" menu_anchor=\"\" hide_on_mobile=\"small-visibility,medium-visibility,large-visibility\" status=\"published\" publish_date=\"\" class=\"\" id=\"\" link_color=\"\" link_hover_color=\"\" border_size=\"\" border_color=\"\" border_style=\"solid\" margin_top=\"\" margin_bottom=\"\" padding_top=\"\" padding_right=\"\" padding_bottom=\"\" padding_left=\"\" gradient_start_color=\"\" gradient_end_color=\"\" gradient_start_position=\"0\" gradient_end_position=\"100\" gradient_type=\"linear\" radial_direction=\"center center\" linear_angle=\"180\" background_color=\"\" background_image=\"\" background_position=\"center center\" background_repeat=\"no-repeat\" fade=\"no\" background_parallax=\"none\" enable_mobile=\"no\" parallax_speed=\"0.3\" background_blend_mode=\"none\" video_mp4=\"\" video_webm=\"\" video_ogv=\"\" video_url=\"\" video_aspect_ratio=\"16:9\" video_loop=\"yes\" video_mute=\"yes\" video_preview_image=\"\" filter_hue=\"0\" filter_saturation=\"100\" filter_brightness=\"100\" filter_contrast=\"100\" filter_invert=\"0\" filter_sepia=\"0\" filter_opacity=\"100\" filter_blur=\"0\" filter_hue_hover=\"0\" filter_saturation_hover=\"100\" filter_brightness_hover=\"100\" filter_contrast_hover=\"100\" filter_invert_hover=\"0\" filter_sepia_hover=\"0\" filter_opacity_hover=\"100\" filter_blur_hover=\"0\"][fusion_builder_row][fusion_builder_column type=\"1_1\" spacing=\"\" center_content=\"no\" link=\"\" target=\"_self\" min_height=\"\" hide_on_mobile=\"small-visibility,medium-visibility,large-visibility\" class=\"\" id=\"\" hover_type=\"none\" border_size=\"0\" border_color=\"\" border_style=\"solid\" border_position=\"all\" border_radius=\"\" box_shadow=\"no\" dimension_box_shadow=\"\" box_shadow_blur=\"0\" box_shadow_spread=\"0\" box_shadow_color=\"\" box_shadow_style=\"\" padding_top=\"\" padding_right=\"\" padding_bottom=\"\" padding_left=\"\" margin_top=\"\" margin_bottom=\"\" background_type=\"single\" gradient_start_color=\"\" gradient_end_color=\"\" gradient_start_position=\"0\" gradient_end_position=\"100\" gradient_type=\"linear\" radial_direction=\"center center\" linear_angle=\"180\" background_color=\"\" background_image=\"\" background_image_id=\"\" background_position=\"left top\" background_repeat=\"no-repeat\" background_blend_mode=\"none\" animation_type=\"\" animation_direction=\"left\" animation_speed=\"0.3\" animation_offset=\"\" filter_type=\"regular\" filter_hue=\"0\" filter_saturation=\"100\" filter_brightness=\"100\" filter_contrast=\"100\" filter_invert=\"0\" filter_sepia=\"0\" filter_opacity=\"100\" filter_blur=\"0\" filter_hue_hover=\"0\" filter_saturation_hover=\"100\" filter_brightness_hover=\"100\" filter_contrast_hover=\"100\" filter_invert_hover=\"0\" filter_sepia_hover=\"0\" filter_opacity_hover=\"100\" filter_blur_hover=\"0\" last=\"no\"][fusion_checklist icon=\"\" iconcolor=\"#ff0000\" circle=\"no\" circlecolor=\"\" size=\"\" divider=\"\" divider_color=\"\" hide_on_mobile=\"small-visibility,medium-visibility,large-visibility\" class=\"\" id=\"\"][fusion_li_item icon=\"fa-weight-hanging fas\"]<\/p>\n<p>Greutate: 300 g<\/p>\n<p>[\/fusion_li_item][fusion_li_item icon=\"fa-mortar-pestle fas\"]<\/p>\n<p>Por\u021bie: 1 persoan\u0103<\/p>\n<p>[\/fusion_li_item][\/fusion_checklist][\/fusion_builder_column][\/fusion_builder_row][\/fusion_builder_container]\n","protected":false},"featured_media":2433,"template":"","meta":[],"product_cat":[38],"product_tag":[42],"_links":{"self":[{"href":"https:\/\/catering.vitallius.md\/en\/wp-json\/wp\/v2\/product\/2432"}],"collection":[{"href":"https:\/\/catering.vitallius.md\/en\/wp-json\/wp\/v2\/product"}],"about":[{"href":"https:\/\/catering.vitallius.md\/en\/wp-json\/wp\/v2\/types\/product"}],"wp:featuredmedia":[{"embeddable":true,"href":"https:\/\/catering.vitallius.md\/en\/wp-json\/wp\/v2\/media\/2433"}],"wp:attachment":[{"href":"https:\/\/catering.vitallius.md\/en\/wp-json\/wp\/v2\/media?parent=2432"}],"wp:term":[{"taxonomy":"product_cat","embeddable":true,"href":"https:\/\/catering.vitallius.md\/en\/wp-json\/wp\/v2\/product_cat?post=2432"},{"taxonomy":"product_tag","embeddable":true,"href":"https:\/\/catering.vitallius.md\/en\/wp-json\/wp\/v2\/product_tag?post=2432"}],"curies":[{"name":"wp","href":"https:\/\/api.w.org\/{rel}","templated":true}]}}